{"id":70,"date":"2019-10-22T16:14:45","date_gmt":"2019-10-22T16:14:45","guid":{"rendered":"http:\/\/nastik.webredox.net\/slideshow-copy\/"},"modified":"2019-10-22T16:14:45","modified_gmt":"2019-10-22T16:14:45","slug":"mp4-video","status":"publish","type":"page","link":"https:\/\/elogewakey.clicksoftwaregh.com\/index.php\/mp4-video\/","title":{"rendered":"MP4 Video"},"content":{"rendered":"<section class=\"wpb-content-wrapper\">[vc_row scrollrow=&#8221;st2&#8243; scroll_id=&#8221;sec2&#8243; enable_top_box=&#8221;st2&#8243; enabletitle=&#8221;st2&#8243; nastik_sec_title=&#8221;About Me&#8221; nastik_sec_number=&#8221;01&#8243; nastik_sec_dectiption=&#8221;LOREM IPSUM DOLOR SIT AMET, CONSECTETUR ADIPISCING ELIT. MAECENAS IN PULVINAR NEQUE. NULLA FINIBUS LOBORTIS PULVINAR.&#8221; enableseparator=&#8221;st2&#8243; secpadding=&#8221;&#8221; theside_sec_title=&#8221;About me&#8221; theside_sec_number=&#8221;01&#8243; theside_sec_dectiption=&#8221;LOREM IPSUM DOLOR SIT AMET, CONSECTETUR ADIPISCING ELIT. MAECENAS IN PULVINAR NEQUE. NULLA FINIBUS LOBORTIS PULVINAR.&#8221;][vc_column width=&#8221;5\/12&#8243;]<div class=\"dec-img  fl-wrap\"><img src=\"https:\/\/elogewakey.clicksoftwaregh.com\/wp-content\/uploads\/2019\/10\/about.jpg\" class=\"respimg\" alt=\"about\"><\/div>[\/vc_column][vc_column width=&#8221;7\/12&#8243;][wr_vc_textblock small_title=&#8221;Curabitur convallis fringilla diam&#8221; big_title=&#8221;Innovative solutions`{`br`}`to boost `{`span`}` your creative `{`\/span`}` projects&#8221; button_text=&#8221;My Portfolio&#8221; button_url=&#8221;http:\/\/nastik.webredox.net\/portfolio&#8221;]\n<p>Lorem ipsum dolor sit amet, consectetur adipiscing elit. Maecenas in pulvinar neque. Nulla finibus lobortis pulvinar. Donec a consectetur nulla. Nulla posuere sapien vitae lectus suscipit, et pulvinar nisi tincidunt. Aliquam erat volutpat. Curabitur convallis fringilla diam sed aliquam. Sed tempor iaculis massa faucibus feugiat. In fermentum facilisis massa, a consequat purus viverra.<\/p>\n<ul>\n<li>Leverage agile frameworks to provide a robust synopsis.<\/li>\n<li>Iterative approaches to corporate strategy foster.<\/li>\n<li>Bring to the table win-win survival strategies.<\/li>\n<li>Scalable gun control breakthroughs social movement.<\/li>\n<\/ul>\n[\/wr_vc_textblock][\/vc_column][\/vc_row][vc_row row_type=&#8221;sec2&#8243;][vc_column][wr_vc_counters class=&#8221;optional_counter&#8221;][wr_vc_counter datatitle=&#8221;Finished projects&#8221; datanumber=&#8221;145&#8243;][wr_vc_counter datatitle=&#8221;Happy customers&#8221; datanumber=&#8221;357&#8243;][wr_vc_counter datatitle=&#8221;Working hours&#8221; datanumber=&#8221;825&#8243;][wr_vc_counter datatitle=&#8221;Awards won&#8221; datanumber=&#8221;15&#8243;][\/wr_vc_counters][\/vc_column][\/vc_row][vc_row scrollrow=&#8221;st2&#8243; scroll_id=&#8221;sec3&#8243; enabletitle=&#8221;st2&#8243; nastik_sec_title=&#8221;Services&#8221; nastik_sec_number=&#8221;02&#8243; nastik_sec_dectiption=&#8221;Lorem ipsum dolor sit amet, consectetur adipiscing elit. Maecenas in pulvinar neque. Nulla finibus lobortis pulvinar.&#8221;][vc_column]<div class=\"cards-wrap fl-wrap\"><div class=\"row\"><div class=\"col-md-4\"><a href=\"https:\/\/elogewakey.clicksoftwaregh.com\/index.php\/service\/web-design\/\"><div class=\"content-inner fl-wrap\"><div class=\"content-front\"><div class=\"cf-inner\"><div class=\"bg \"  data-bg=\"https:\/\/elogewakey.clicksoftwaregh.com\/wp-content\/uploads\/2019\/10\/rear-view-programmer-working-all-night-long-762x441.jpg\"><\/div><div class=\"overlay\"><\/div><div class=\"inner\"><h2>DEVELOPEMENT WEB<\/h2><ul><li>Attrayants<\/li><li>Fonctionnels <\/li><li>R\u00e9actifs.<\/li><\/ul><\/div><\/div><\/div><div class=\"content-back\"><div class=\"cf-inner\"><div class=\"inner\"><div class=\"dec-icon\"><i class=\"fal fa-desktop\"><\/i><\/div><p>Conception et d\u00e9veloppement de sites web : Cr\u00e9er des sites web attrayants, fonctionnels et r\u00e9actifs.<\/p><div class=\"serv-price-wrap\"><span>Prix<\/span>$100-$500<\/div><\/div><\/div><\/div><\/div><\/a><\/div><div class=\"col-md-4\"><a href=\"https:\/\/elogewakey.clicksoftwaregh.com\/index.php\/service\/branding\/\"><div class=\"content-inner fl-wrap\"><div class=\"content-front\"><div class=\"cf-inner\"><div class=\"bg \"  data-bg=\"https:\/\/elogewakey.clicksoftwaregh.com\/wp-content\/uploads\/2019\/10\/Screenshot-2023-07-27-at-02-18-53-Premium-Photo-Young-network-engineer-working-with-servers-in-data-center-and-holding-laptop-762x441.png\"><\/div><div class=\"overlay\"><\/div><div class=\"inner\"><h2>ADMINISTRATEUR<\/h2><ul><li>Configuration<\/li><li>Surveillance<\/li><li>Maintenance<\/li><\/ul><\/div><\/div><\/div><div class=\"content-back\"><div class=\"cf-inner\"><div class=\"inner\"><div class=\"dec-icon\"><i class=\"fab fa-pagelines\"><\/i><\/div><p>Gestion du serveur : Configurer, surveiller et maintenir les serveurs qui h\u00e9bergent les sites web, en veillant \u00e0 leur bon fonctionnement et \u00e0 leur s\u00e9curit\u00e9.<\/p><div class=\"serv-price-wrap\"><span>Prix<\/span>$200-$500<\/div><\/div><\/div><\/div><\/div><\/a><\/div><div class=\"col-md-4\"><a href=\"https:\/\/elogewakey.clicksoftwaregh.com\/index.php\/service\/ui-ux-design\/\"><div class=\"content-inner fl-wrap\"><div class=\"content-front\"><div class=\"cf-inner\"><div class=\"bg \"  data-bg=\"https:\/\/elogewakey.clicksoftwaregh.com\/wp-content\/uploads\/2019\/10\/Screenshot-2023-07-27-at-02-22-58-Free-Photo-Social-media-marketing-concept-for-marketing-with-applications-762x441.png\"><\/div><div class=\"overlay\"><\/div><div class=\"inner\"><h2>COMMUNITY MANAGER<\/h2><ul><li>Creation<\/li><li>Gestion<\/li><li>Interaction<\/li><\/ul><\/div><\/div><\/div><div class=\"content-back\"><div class=\"cf-inner\"><div class=\"inner\"><div class=\"dec-icon\"><i class=\"fal fa-mobile-android\"><\/i><\/div><p>Gestion des r\u00e9seaux sociaux : Cr\u00e9er et g\u00e9rer des comptes sur les r\u00e9seaux sociaux\u00a0 pour promouvoir l&#8217;entreprise et interagir avec la communaut\u00e9 en ligne.<\/p><div class=\"serv-price-wrap\"><span>Prix<\/span>$150-$500<\/div><\/div><\/div><\/div><\/div><\/a><\/div><\/div><\/div>[vc_row_inner][vc_column_inner]<div class=\"srv-link-text fl-wrap\"><h4>Ready to order your project ? Visit my contacts page:<\/h4><a href=\"http:\/\/nastik.webredox.net\/contact\" class=\"btn float-btn ajax  color-bg\" target=\"_self\">Contacts<\/a><\/div>[\/vc_column_inner][\/vc_row_inner][\/vc_column][\/vc_row][vc_row enabletitle=&#8221;st2&#8243; nastik_sec_title=&#8221;Working Process&#8221; nastik_sec_dectiption=&#8221;Lorem ipsum dolor sit amet, consectetur adipiscing elit. Maecenas in pulvinar neque. Nulla finibus lobortis pulvinar.&#8221;][vc_column width=&#8221;1\/3&#8243;]<div class=\"process-wrap fl-wrap\"><ul><li><div class=\"time-line-icon\">\n                  <i class=\"fab fa-slideshare\"><\/i>\n                  <\/div><h4>Discuss the project<\/h4><div class=\"process-details\">\n<h6>Duis autem vel eum iriure dolor<\/h6>\n<p>Exerci tation ullamcorper suscipit lobortis nisl ut aliquip ex ea commodo consequat. Duis autem vel eum iriure dolor.   <\/div><span class=\"process-numder\">01.<\/span><\/li><\/ul><\/div>[\/vc_column][vc_column width=&#8221;1\/3&#8243;]<div class=\"process-wrap fl-wrap\"><ul><li><div class=\"time-line-icon\">\n                  <i class=\"fal fa-laptop\"><\/i>\n                  <\/div><h4>Develop &amp; elaborate<\/h4><div class=\"process-details\">\n<h6>Duis autem vel eum iriure dolor<\/h6>\n<p>Exerci tation ullamcorper suscipit lobortis nisl ut aliquip ex ea commodo consequat. Duis autem vel eum iriure dolor.   <\/div><span class=\"process-numder\">02.<\/span><\/li><\/ul><\/div>[\/vc_column][vc_column width=&#8221;1\/3&#8243;]<div class=\"process-wrap fl-wrap\"><ul><li><div class=\"time-line-icon\">\n                  <i class=\"fal fa-flag-checkered\"><\/i>\n                  <\/div><h4>Final approvement<\/h4><div class=\"process-details\">\n<h6>Duis autem vel eum iriure dolor<\/h6>\n<p>Exerci tation ullamcorper suscipit lobortis nisl ut aliquip ex ea commodo consequat. Duis autem vel eum iriure dolor.   <\/div><span class=\"process-numder\">03.<\/span><\/li><\/ul><\/div>[\/vc_column][\/vc_row][vc_row scrollrow=&#8221;st2&#8243; scroll_id=&#8221;sec4&#8243; enable_bottom_box=&#8221;st3&#8243; enabletitle=&#8221;st2&#8243; nastik_sec_title=&#8221;My Skills&#8221; nastik_sec_number=&#8221;03&#8243; nastik_sec_dectiption=&#8221;Lorem ipsum dolor sit amet, consectetur adipiscing elit. Maecenas in pulvinar neque. Nulla finibus lobortis pulvinar.&#8221; enableseparator=&#8221;st2&#8243;][vc_column width=&#8221;5\/12&#8243;][wr_vc_piecharts sec_title=&#8221;LANGUAGE SKILLS&#8221;][wr_vc_piechart title=&#8221;French&#8221; data_percent=&#8221;85&#8243;][wr_vc_piechart title=&#8221;Dutch&#8221; data_percent=&#8221;90&#8243;][wr_vc_piechart title=&#8221;Portugese&#8221; data_percent=&#8221;80&#8243;][wr_vc_piechart title=&#8221;Russian&#8221; data_percent=&#8221;70&#8243;][\/wr_vc_piecharts][\/vc_column][vc_column width=&#8221;7\/12&#8243;][wr_vc_skillbars title=&#8221;DEVELOPER SKILLS&#8221;][wr_vc_skillbar title=&#8221;Photoshop&#8221; data_percent=&#8221;95&#8243;][wr_vc_skillbar title=&#8221;HTML\/Css&#8221; data_percent=&#8221;65&#8243;][wr_vc_skillbar title=&#8221;3D MAX&#8221; data_percent=&#8221;95&#8243;][wr_vc_skillbar title=&#8221;PHP&#8221; data_percent=&#8221;70&#8243;][wr_vc_skillbar title=&#8221;Javascript&#8221; data_percent=&#8221;60&#8243;][\/wr_vc_skillbars][\/vc_column][\/vc_row][vc_row row_type=&#8221;sec2&#8243; enable_corner_effect=&#8221;st2&#8243;][vc_column][vc_row_inner][vc_column_inner width=&#8221;1\/2&#8243;]<div class=\"video-box dec-img fl-wrap\"><img src=\"https:\/\/elogewakey.clicksoftwaregh.com\/wp-content\/uploads\/2019\/10\/1.jpg\" class=\"respimg\" alt=\"1\"><a class=\"video-box-btn image-popup\" href=\"https:\/\/vimeo.com\/34741214\"><i class=\"fas fa-play\" aria-hidden=\"true\"><\/i><\/a><\/div>[\/vc_column_inner][vc_column_inner width=&#8221;1\/2&#8243;][wr_vc_video_promo big_title=&#8221;MY VIDEO PRESENTATION&#8221; button_text=&#8221;My Youtube Chanel&#8221; button_url=&#8221;#&#8221; button_target=&#8221;_blank&#8221;]Lorem ipsum dolor sit amet, consectetur adipiscing elit. Maecenas in pulvinar neque. Nulla finibus lobortis pulvinar. Donec a consectetur nulla. Nulla posuere sapien vitae lectus suscipit, et pulvinar nisi tincidunt. Aliquam erat volutpat[\/wr_vc_video_promo][\/vc_column_inner][\/vc_row_inner][\/vc_column][\/vc_row][vc_row scrollrow=&#8221;st2&#8243; scroll_id=&#8221;sec5&#8243; enabletitle=&#8221;st2&#8243; nastik_sec_title=&#8221;Resume&#8221; nastik_sec_number=&#8221;04&#8243; nastik_sec_dectiption=&#8221;Lorem ipsum dolor sit amet, consectetur adipiscing elit. Maecenas in pulvinar neque. Nulla finibus lobortis pulvinar.&#8221;][vc_column]<div class=\"custom-inner-holder\"><div class=\"custom-inner ns-custom-inner\"><div class=\"row\"><div class=\"col-md-4\"><div class=\"resum-header workres\"><i class=\"fa fa-briefcase\"><\/i><h3> Travail dans l&#8217;entreprise &#8220;THE LIVING STONE LSOLDO&#8221;<\/h3><span>  2019-2023 <\/span><\/div><\/div><div class=\"col-md-8\"><div class=\"resum-content fl-wrap\"><h4>DEVELOPPEUR WEB ET ADMINISTRATEUR<\/h4>\r\nConception et d\u00e9veloppement de sites web : Cr\u00e9ation de sites web fonctionnels, attrayants et r\u00e9actifs.\r\n\r\nOptimisation des performances : Veiller \u00e0 ce que les sites web aient des temps de chargement rapides, une navigation fluide et une convivialit\u00e9 am\u00e9lior\u00e9e pour une meilleure exp\u00e9rience utilisateur.\r\n\r\nTests et d\u00e9bogage : V\u00e9rification et correction des erreurs, des bogues et des probl\u00e8mes de compatibilit\u00e9 pour assurer un bon fonctionnement du site.\r\n\r\nMise \u00e0 jour et maintenance : Assurer la mise \u00e0 jour r\u00e9guli\u00e8re du contenu, des fonctionnalit\u00e9s et des technologies utilis\u00e9es sur le site web.\r\n\r\nGestion du serveur : Configurer, surveiller et maintenir les serveurs qui h\u00e9bergent les sites web, en veillant \u00e0 leur bon fonctionnement et \u00e0 leur s\u00e9curit\u00e9.\r\n\r\nS\u00e9curit\u00e9 : Mettre en \u0153uvre des mesures de s\u00e9curit\u00e9 pour prot\u00e9ger les sites web contre les attaques, les failles de s\u00e9curit\u00e9 et les menaces potentielles.\r\n\r\nGestion des sauvegardes : Effectuer des sauvegardes r\u00e9guli\u00e8res des sites web pour pr\u00e9venir la perte de donn\u00e9es en cas de probl\u00e8me.\r\n\r\n&nbsp;<\/div><\/div><\/div><\/div><div class=\"custom-inner ns-custom-inner\"><div class=\"row\"><div class=\"col-md-4\"><div class=\"resum-header workres\"><i class=\"fa fa-briefcase\"><\/i><h3> Travail dans l&#8217;entreprise &#8220;CLICK SOFTWARE GH&#8221;<\/h3><span>  2021-2023 <\/span><\/div><\/div><div class=\"col-md-8\"><div class=\"resum-content fl-wrap\"><h4>DEVELOPPEUR WEB, ADMINISTRATEUR &amp; COMMUNITY MANAGER<\/h4>\r\nConception et d\u00e9veloppement de sites web : Cr\u00e9er des sites web attrayants, fonctionnels et r\u00e9actifs.\r\n\r\nOptimisation des performances : Veiller \u00e0 ce que les sites web aient des temps de chargement rapides, une navigation fluide et une convivialit\u00e9 am\u00e9lior\u00e9e pour une meilleure exp\u00e9rience utilisateur.\r\n\r\nTests et d\u00e9bogage : V\u00e9rifier et corriger les erreurs, les bogues et les probl\u00e8mes de compatibilit\u00e9 pour assurer un bon fonctionnement du site.\r\n\r\nMise \u00e0 jour et maintenance : Assurer la mise \u00e0 jour r\u00e9guli\u00e8re du contenu, des fonctionnalit\u00e9s et des technologies utilis\u00e9es sur le site web.\r\n\r\nGestion du serveur : Configurer, surveiller et maintenir les serveurs qui h\u00e9bergent les sites web, en veillant \u00e0 leur bon fonctionnement et \u00e0 leur s\u00e9curit\u00e9.\r\n\r\nS\u00e9curit\u00e9 : Mettre en \u0153uvre des mesures de s\u00e9curit\u00e9 pour prot\u00e9ger les sites web contre les attaques, les failles de s\u00e9curit\u00e9 et les menaces potentielles.\r\n\r\nGestion des sauvegardes : Effectuer des sauvegardes r\u00e9guli\u00e8res des sites web pour pr\u00e9venir la perte de donn\u00e9es en cas de probl\u00e8me.\r\n\r\nGestion des comptes utilisateurs : Cr\u00e9er et g\u00e9rer les comptes d'utilisateurs avec les autorisations appropri\u00e9es pour acc\u00e9der aux ressources et aux fonctionnalit\u00e9s du site.\r\n\r\nGestion des r\u00e9seaux sociaux : Cr\u00e9er et g\u00e9rer des comptes sur les r\u00e9seaux sociaux pour promouvoir l'entreprise et interagir avec la communaut\u00e9 en ligne.\r\n\r\n&nbsp;<\/div><\/div><\/div><\/div><div class=\"col-md-8 col-md-offset-4\"><a href=\"#\" class=\"btn color-bg  fl-btn\" target=\"_self\">Download resume<\/a><\/div><\/div>[\/vc_column][\/vc_row][vc_row scrollrow=&#8221;st2&#8243; scroll_id=&#8221;sec6&#8243; enable_bottom_box=&#8221;st2&#8243; enabletitle=&#8221;st2&#8243; nastik_sec_title=&#8221;Testimonials&#8221; nastik_sec_number=&#8221;05&#8243; nastik_sec_dectiption=&#8221;Lorem ipsum dolor sit amet, consectetur adipiscing elit. Maecenas in pulvinar neque. Nulla finibus lobortis pulvinar.&#8221; enableseparator=&#8221;st2&#8243;][vc_column][wr_vc_testimonials][wr_vc_testimonial testimonial_number=&#8221;01&#8243; clientname=&#8221;Centa Simpson&#8221; button_text=&#8221;Via Facebook&#8221; button_url=&#8221;#&#8221; image=&#8221;21&#8243;]Vestibulum orci felis, ullamcorper non condimentum non, ultrices ac nunc. Mauris non ligula suscipit, vulputate mi accumsan, dapibus felis. Nullam sed sapien dui. Nulla auctor sit amet sem non porta.[\/wr_vc_testimonial][wr_vc_testimonial testimonial_number=&#8221;02&#8243; clientname=&#8221;Centa Simpson&#8221; button_text=&#8221;Via Facebook&#8221; button_url=&#8221;#&#8221; image=&#8221;22&#8243;]Vestibulum orci felis, ullamcorper non condimentum non, ultrices ac nunc. Mauris non ligula suscipit, vulputate mi accumsan, dapibus felis. Nullam sed sapien dui. Nulla auctor sit amet sem non porta.[\/wr_vc_testimonial][wr_vc_testimonial testimonial_number=&#8221;03&#8243; clientname=&#8221;Centa Simpson&#8221; button_text=&#8221;Via Twitter&#8221; button_url=&#8221;#&#8221; image=&#8221;23&#8243;]Vestibulum orci felis, ullamcorper non condimentum non, ultrices ac nunc. Mauris non ligula suscipit, vulputate mi accumsan, dapibus felis. Nullam sed sapien dui. Nulla auctor sit amet sem non porta.[\/wr_vc_testimonial][wr_vc_testimonial testimonial_number=&#8221;04&#8243; clientname=&#8221;Centa Simpson&#8221; button_text=&#8221;Via Facebook&#8221; button_url=&#8221;#&#8221; image=&#8221;24&#8243;]Vestibulum orci felis, ullamcorper non condimentum non, ultrices ac nunc. Mauris non ligula suscipit, vulputate mi accumsan, dapibus felis. Nullam sed sapien dui. Nulla auctor sit amet sem non porta.[\/wr_vc_testimonial][\/wr_vc_testimonials][wr_vc_clients][wr_vc_client button_url=&#8221;#&#8221; image=&#8221;26&#8243;][wr_vc_client button_url=&#8221;#&#8221; image=&#8221;27&#8243;][wr_vc_client button_url=&#8221;#&#8221; image=&#8221;28&#8243;][wr_vc_client button_url=&#8221;#&#8221; image=&#8221;29&#8243;][wr_vc_client button_url=&#8221;#&#8221; image=&#8221;30&#8243;][\/wr_vc_clients][\/vc_column][\/vc_row]\n<\/section>","protected":false},"excerpt":{"rendered":"<p>[vc_row scrollrow=&#8221;st2&#8243; scroll_id=&#8221;sec2&#8243; enable_top_box=&#8221;st2&#8243; enabletitle=&#8221;st2&#8243; nastik_sec_title=&#8221;About Me&#8221; nastik_sec_number=&#8221;01&#8243; nastik_sec_dectiption=&#8221;LOREM IPSUM DOLOR SIT AMET, CONSECTETUR ADIPISCING ELIT. MAECENAS IN PULVINAR NEQUE. NULLA FINIBUS LOBORTIS PULVINAR.&#8221; enableseparator=&#8221;st2&#8243; secpadding=&#8221;&#8221; theside_sec_title=&#8221;About me&#8221; theside_sec_number=&#8221;01&#8243; theside_sec_dectiption=&#8221;LOREM IPSUM DOLOR SIT AMET, CONSECTETUR ADIPISCING ELIT. MAECENAS IN PULVINAR NEQUE. NULLA FINIBUS LOBORTIS PULVINAR.&#8221;][vc_column width=&#8221;5\/12&#8243;][\/vc_column][vc_column width=&#8221;7\/12&#8243;][wr_vc_textblock small_title=&#8221;Curabitur convallis fringilla diam&#8221; big_title=&#8221;Innovative solutions`{`br`}`to boost `{`span`}`..<\/p>\n","protected":false},"author":1,"featured_media":0,"parent":0,"menu_order":0,"comment_status":"closed","ping_status":"closed","template":"one-page.php","meta":[],"_links":{"self":[{"href":"https:\/\/elogewakey.clicksoftwaregh.com\/index.php\/wp-json\/wp\/v2\/pages\/70"}],"collection":[{"href":"https:\/\/elogewakey.clicksoftwaregh.com\/index.php\/wp-json\/wp\/v2\/pages"}],"about":[{"href":"https:\/\/elogewakey.clicksoftwaregh.com\/index.php\/wp-json\/wp\/v2\/types\/page"}],"author":[{"embeddable":true,"href":"https:\/\/elogewakey.clicksoftwaregh.com\/index.php\/wp-json\/wp\/v2\/users\/1"}],"replies":[{"embeddable":true,"href":"https:\/\/elogewakey.clicksoftwaregh.com\/index.php\/wp-json\/wp\/v2\/comments?post=70"}],"version-history":[{"count":0,"href":"https:\/\/elogewakey.clicksoftwaregh.com\/index.php\/wp-json\/wp\/v2\/pages\/70\/revisions"}],"wp:attachment":[{"href":"https:\/\/elogewakey.clicksoftwaregh.com\/index.php\/wp-json\/wp\/v2\/media?parent=70"}],"curies":[{"name":"wp","href":"https:\/\/api.w.org\/{rel}","templated":true}]}}