{"id":149,"date":"2019-10-22T19:41:13","date_gmt":"2019-10-22T19:41:13","guid":{"rendered":"http:\/\/nastik.webredox.net\/?page_id=149"},"modified":"2023-07-27T13:47:24","modified_gmt":"2023-07-27T13:47:24","slug":"contact","status":"publish","type":"page","link":"https:\/\/elogewakey.clicksoftwaregh.com\/index.php\/contact\/","title":{"rendered":"Contact"},"content":{"rendered":"<section class=\"wpb-content-wrapper\">[vc_row sec_padding_top=&#8221;0&#8243; enabletitle=&#8221;st2&#8243; nastik_sec_title=&#8221;Contacts&#8221; nastik_sec_number=&#8221;01&#8243; nastik_sec_dectiption=&#8221;A la recherche d&#8217;un programeur web ou d&#8217;un administrateur ou encore d&#8217;un cummunity manager? N\u2019hesitez pas a me contacter d\u00e8s maintenant !<br \/>\n&#8220;][vc_column][wr_vc_contacts][wr_vc_contact title=&#8221;Num\u00e9ro de t\u00e9l\u00e9phone&#8221; iconclass=&#8221;fal fa-mobile-android&#8221; link_type=&#8221;st3&#8243; url=&#8221;+233545170893 \/ +22891934625&#8243;][wr_vc_contact title=&#8221;Emplacement du bureau&#8221; url=&#8221;https:\/\/www.google.com\/maps\/place\/THE+LIVING+STONE+LSOLDO\/@6.1938477,1.258946,15z\/data=!4m14!1m7!3m6!1s0x1023e37462c2cd21:0x6c1818ff572c3337!2sTHE+LIVING+STONE+LSOLDO!8m2!3d6.1938477!4d1.258946!16s%2Fg%2F11srz317dv!3m5!1s0x1023e37462c2cd21:0x6c1818ff572c3337!8m2!3d6.1938477!4d1.258946!16s%2Fg%2F11srz317dv?entry=ttu&#8221; url_text=&#8221;ATTIEGOU, LOME, TOGO. \/ ACCRA, GHANA&#8221;][wr_vc_contact title=&#8221;E-mail&#8221; iconclass=&#8221;fal fa-envelope-open&#8221; link_type=&#8221;st2&#8243; url=&#8221;elogewakey@clicksoftwaregh.com&#8221;][\/wr_vc_contacts]<div class=\"map-container fl-wrap\">\n                  <div id=\"map-single\" class=\"map\" data-latlog=\"[57V5+GHQ, Lom\u00e9, Togo]\" data-popuptext=\"Ma position \u00e0 Lome.\" data-popupicon=\"https:\/\/elogewakey.clicksoftwaregh.com\/wp-content\/uploads\/2023\/07\/Dark-Green-Diamond-Edge-Tech-Computer-Logo1.png\"><\/div>\n                  <\/div>[\/vc_column][\/vc_row][vc_row sec_padding_bottom=&#8221;0&#8243; enabletitle=&#8221;st2&#8243; nastik_sec_title=&#8221;Entrer en contact&#8221; nastik_sec_number=&#8221;02&#8243; nastik_sec_dectiption=&#8221;N\u2019hesitez pas a me contacter d\u00e8s maintenant !&#8221; enableseparator=&#8221;st2&#8243;][vc_column width=&#8221;9\/12&#8243;]\n<div class=\"wpcf7 no-js\" id=\"wpcf7-f419-o1\" lang=\"en-US\" dir=\"ltr\">\n<div class=\"screen-reader-response\"><p role=\"status\" aria-live=\"polite\" aria-atomic=\"true\"><\/p> <ul><\/ul><\/div>\n<form action=\"\/index.php\/wp-json\/wp\/v2\/pages\/149#wpcf7-f419-o1\" method=\"post\" class=\"wpcf7-form init\" aria-label=\"Contact form\" novalidate=\"novalidate\" data-status=\"init\">\n<div style=\"display: none;\">\n<input type=\"hidden\" name=\"_wpcf7\" value=\"419\" \/>\n<input type=\"hidden\" name=\"_wpcf7_version\" value=\"5.7.7\" \/>\n<input type=\"hidden\" name=\"_wpcf7_locale\" value=\"en_US\" \/>\n<input type=\"hidden\" name=\"_wpcf7_unit_tag\" value=\"wpcf7-f419-o1\" \/>\n<input type=\"hidden\" name=\"_wpcf7_container_post\" value=\"0\" \/>\n<input type=\"hidden\" name=\"_wpcf7_posted_data_hash\" value=\"\" \/>\n<\/div>\n<div class=\"row\">\n\t<div class=\"col-md-6\">\n\t\t<p><label><i class=\"fal fa-user\"><\/i><\/label><br \/>\n<span class=\"wpcf7-form-control-wrap\" data-name=\"your-name\"><input size=\"40\" class=\"wpcf7-form-control wpcf7-text wpcf7-validates-as-required\" aria-required=\"true\" aria-invalid=\"false\" placeholder=\"Votre Nom*\" value=\"\" type=\"text\" name=\"your-name\" \/><\/span>\n\t\t<\/p>\n\t<\/div>\n\t<div class=\"col-md-6\">\n\t\t<p><label><i class=\"fal fa-envelope\"><\/i><\/label><br \/>\n<span class=\"wpcf7-form-control-wrap\" data-name=\"your-email\"><input size=\"40\" class=\"wpcf7-form-control wpcf7-text wpcf7-email wpcf7-validates-as-required wpcf7-validates-as-email\" aria-required=\"true\" aria-invalid=\"false\" placeholder=\"Votre Email*\" value=\"\" type=\"email\" name=\"your-email\" \/><\/span>\n\t\t<\/p>\n\t<\/div>\n<\/div>\n<p><span class=\"wpcf7-form-control-wrap\" data-name=\"your-message\"><textarea cols=\"40\" rows=\"10\" class=\"wpcf7-form-control wpcf7-textarea\" aria-invalid=\"false\" placeholder=\"Votre Message\" name=\"your-message\"><\/textarea><\/span>\n<\/p>\n<p><input class=\"wpcf7-form-control has-spinner wpcf7-submit\" type=\"submit\" value=\"Envoyer\" \/>\n<\/p><div class=\"wpcf7-response-output\" aria-hidden=\"true\"><\/div>\n<\/form>\n<\/div>\n[\/vc_column][vc_column width=&#8221;3\/12&#8243;][\/vc_column][\/vc_row]\n<\/section>","protected":false},"excerpt":{"rendered":"<p>[vc_row sec_padding_top=&#8221;0&#8243; enabletitle=&#8221;st2&#8243; nastik_sec_title=&#8221;Contacts&#8221; nastik_sec_number=&#8221;01&#8243; nastik_sec_dectiption=&#8221;A la recherche d&#8217;un programeur web ou d&#8217;un administrateur ou encore d&#8217;un cummunity manager? N\u2019hesitez pas a me contacter d\u00e8s maintenant ! &#8220;][vc_column][wr_vc_contacts][wr_vc_contact title=&#8221;Num\u00e9ro de t\u00e9l\u00e9phone&#8221; iconclass=&#8221;fal fa-mobile-android&#8221; link_type=&#8221;st3&#8243; url=&#8221;+233545170893 \/ +22891934625&#8243;][wr_vc_contact title=&#8221;Emplacement du bureau&#8221; url=&#8221;https:\/\/www.google.com\/maps\/place\/THE+LIVING+STONE+LSOLDO\/@6.1938477,1.258946,15z\/data=!4m14!1m7!3m6!1s0x1023e37462c2cd21:0x6c1818ff572c3337!2sTHE+LIVING+STONE+LSOLDO!8m2!3d6.1938477!4d1.258946!16s%2Fg%2F11srz317dv!3m5!1s0x1023e37462c2cd21:0x6c1818ff572c3337!8m2!3d6.1938477!4d1.258946!16s%2Fg%2F11srz317dv?entry=ttu&#8221; url_text=&#8221;ATTIEGOU, LOME, TOGO. \/ ACCRA, GHANA&#8221;][wr_vc_contact title=&#8221;E-mail&#8221; iconclass=&#8221;fal fa-envelope-open&#8221; link_type=&#8221;st2&#8243; url=&#8221;elogewakey@clicksoftwaregh.com&#8221;][\/wr_vc_contacts][\/vc_column][\/vc_row][vc_row sec_padding_bottom=&#8221;0&#8243; enabletitle=&#8221;st2&#8243; nastik_sec_title=&#8221;Entrer..<\/p>\n","protected":false},"author":1,"featured_media":441,"parent":0,"menu_order":0,"comment_status":"closed","ping_status":"closed","template":"","meta":[],"_links":{"self":[{"href":"https:\/\/elogewakey.clicksoftwaregh.com\/index.php\/wp-json\/wp\/v2\/pages\/149"}],"collection":[{"href":"https:\/\/elogewakey.clicksoftwaregh.com\/index.php\/wp-json\/wp\/v2\/pages"}],"about":[{"href":"https:\/\/elogewakey.clicksoftwaregh.com\/index.php\/wp-json\/wp\/v2\/types\/page"}],"author":[{"embeddable":true,"href":"https:\/\/elogewakey.clicksoftwaregh.com\/index.php\/wp-json\/wp\/v2\/users\/1"}],"replies":[{"embeddable":true,"href":"https:\/\/elogewakey.clicksoftwaregh.com\/index.php\/wp-json\/wp\/v2\/comments?post=149"}],"version-history":[{"count":2,"href":"https:\/\/elogewakey.clicksoftwaregh.com\/index.php\/wp-json\/wp\/v2\/pages\/149\/revisions"}],"predecessor-version":[{"id":470,"href":"https:\/\/elogewakey.clicksoftwaregh.com\/index.php\/wp-json\/wp\/v2\/pages\/149\/revisions\/470"}],"wp:featuredmedia":[{"embeddable":true,"href":"https:\/\/elogewakey.clicksoftwaregh.com\/index.php\/wp-json\/wp\/v2\/media\/441"}],"wp:attachment":[{"href":"https:\/\/elogewakey.clicksoftwaregh.com\/index.php\/wp-json\/wp\/v2\/media?parent=149"}],"curies":[{"name":"wp","href":"https:\/\/api.w.org\/{rel}","templated":true}]}}